{"id":3961,"date":"2020-05-08T12:24:40","date_gmt":"2020-05-08T10:24:40","guid":{"rendered":"http:\/\/belfracars.fr\/?page_id=3961"},"modified":"2022-01-14T09:49:02","modified_gmt":"2022-01-14T08:49:02","slug":"3961-2","status":"publish","type":"page","link":"https:\/\/belfracars.fr\/index.php\/3961-2\/","title":{"rendered":"Livraison"},"content":{"rendered":"<p>[vc_row][vc_column][vc_column_text]<\/p>\n<h4>Nous sommes situ\u00e9 \u00e0 l\u2019extr\u00eame nord de notre beau pays, donc bien loin de la plupart d\u2019entre vous.<\/h4>\n<p>&nbsp;<\/p>\n<h4>La France est grande, la traverser prend donc du temps et co\u00fbte de l\u2019argent. Alors suite aux\u00a0 nombreuses demandes, nous avons mis en place un service de livraison \u00e0 domicile par transporteur sp\u00e9cialis\u00e9. Et cela pour des prix tout \u00e0 fait d\u00e9mocratiques.<\/h4>\n<p>&nbsp;<\/p>\n<h3>Comment cela fonctionne? Rien de plus simple:<\/h3>\n<p>Un de nos v\u00e9hicules vous int\u00e9resse,\u00a0 contactez nous, nous vous demanderons alors de nous transmettre une copie de votre pi\u00e8ce d\u2019identit\u00e9 afin de pouvoir \u00e9tablir un bon de commande.<\/p>\n<p>Sur ce bon de commande vous retrouverez toutes les informations sur le v\u00e9hicule et le vendeur. Vous pourrez d\u00e8s lors proc\u00e9der au virement d\u2019un acompte de r\u00e9servation ou si vous disposez des fonds, du montant total.<\/p>\n<p>Si vous avez effectu\u00e9 une demande de financement, une fois que votre organisme pr\u00e9teur vous aura transmit les fonds, vous pourrez effectuer le virement du solde du v\u00e9hicule.<\/p>\n<p>Le paiement re\u00e7u, le v\u00e9hicule sera charg\u00e9 au d\u00e9but de la semaine suivante et livr\u00e9 chez vous ou \u00e0 un endroit proche si votre domicile n\u2019est pas accessible par semi-remorque le mercredi ou jeudi de cette m\u00eame semaine. Tous les documents officiels vous seront remits par la m\u00eame occasion. Il ne vous reste plus qu\u2019a profiter de votre nouveau jouet.<\/p>\n<p>Si vous n\u2019avez pas \u00e0 faire financer votre achat, on vous livre votre v\u00e9hicule sous quinze jours partout en France.<\/p>\n<p>Si vous avez des questions, n\u2019h\u00e9sitez pas \u00e0 nous contacter, c\u2019est avec plaisir que nous vous r\u00e9pondrons.<\/p>\n<p><strong>voici la liste des prix :<\/strong><\/p>\n<p>&nbsp;<\/p>\n<p>&nbsp;<\/p>\n<p><img decoding=\"async\" loading=\"lazy\" class=\"alignnone wp-image-4095 \" src=\"https:\/\/belfracars.fr\/wp-content\/uploads\/2022\/01\/belfracars-tariftr-232x300.png\" alt=\"\" width=\"377\" height=\"487\" srcset=\"https:\/\/belfracars.fr\/wp-content\/uploads\/2022\/01\/belfracars-tariftr-232x300.png 232w, https:\/\/belfracars.fr\/wp-content\/uploads\/2022\/01\/belfracars-tariftr.png 381w\" sizes=\"(max-width: 377px) 100vw, 377px\" \/><\/p>\n<p><img decoding=\"async\" loading=\"lazy\" class=\" wp-image-364 aligncenter\" src=\"https:\/\/belfracars.files.wordpress.com\/2017\/11\/carte-de-france.png?w=614&amp;h=632\" sizes=\"(max-width: 614px) 100vw, 614px\" srcset=\"https:\/\/belfracars.files.wordpress.com\/2017\/11\/carte-de-france.png 470w, https:\/\/belfracars.files.wordpress.com\/2017\/11\/carte-de-france.png?w=146&amp;h=150 146w, https:\/\/belfracars.files.wordpress.com\/2017\/11\/carte-de-france.png?w=291&amp;h=300 291w\" alt=\"carte-de-france\" width=\"614\" height=\"632\" data-attachment-id=\"364\" data-permalink=\"https:\/\/belfracars.wordpress.com\/transport\/carte-de-france\/\" data-orig-file=\"https:\/\/belfracars.files.wordpress.com\/2017\/11\/carte-de-france.png\" data-orig-size=\"470,484\" data-comments-opened=\"1\" data-image-meta=\"{&quot;aperture&quot;:&quot;0&quot;,&quot;credit&quot;:&quot;&quot;,&quot;camera&quot;:&quot;&quot;,&quot;caption&quot;:&quot;&quot;,&quot;created_timestamp&quot;:&quot;0&quot;,&quot;copyright&quot;:&quot;&quot;,&quot;focal_length&quot;:&quot;0&quot;,&quot;iso&quot;:&quot;0&quot;,&quot;shutter_speed&quot;:&quot;0&quot;,&quot;title&quot;:&quot;&quot;,&quot;orientation&quot;:&quot;0&quot;}\" data-image-title=\"carte-de-france\" data-image-description=\"\" data-medium-file=\"https:\/\/belfracars.files.wordpress.com\/2017\/11\/carte-de-france.png?w=291\" data-large-file=\"https:\/\/belfracars.files.wordpress.com\/2017\/11\/carte-de-france.png?w=470\" \/><img decoding=\"async\" loading=\"lazy\" class=\" wp-image-369 aligncenter\" src=\"https:\/\/belfracars.files.wordpress.com\/2017\/11\/depx1.png?w=339&amp;h=1578\" sizes=\"(max-width: 339px) 100vw, 339px\" srcset=\"https:\/\/belfracars.files.wordpress.com\/2017\/11\/depx1.png?w=339&amp;h=1578 339w, https:\/\/belfracars.files.wordpress.com\/2017\/11\/depx1.png?w=32&amp;h=150 32w, https:\/\/belfracars.files.wordpress.com\/2017\/11\/depx1.png 382w\" alt=\"depx\" width=\"339\" height=\"1578\" data-attachment-id=\"369\" data-permalink=\"https:\/\/belfracars.wordpress.com\/transport\/depx\/\" data-orig-file=\"https:\/\/belfracars.files.wordpress.com\/2017\/11\/depx1.png\" data-orig-size=\"382,1778\" data-comments-opened=\"1\" data-image-meta=\"{&quot;aperture&quot;:&quot;0&quot;,&quot;credit&quot;:&quot;&quot;,&quot;camera&quot;:&quot;&quot;,&quot;caption&quot;:&quot;&quot;,&quot;created_timestamp&quot;:&quot;0&quot;,&quot;copyright&quot;:&quot;&quot;,&quot;focal_length&quot;:&quot;0&quot;,&quot;iso&quot;:&quot;0&quot;,&quot;shutter_speed&quot;:&quot;0&quot;,&quot;title&quot;:&quot;&quot;,&quot;orientation&quot;:&quot;0&quot;}\" data-image-title=\"depx\" data-image-description=\"\" data-medium-file=\"https:\/\/belfracars.files.wordpress.com\/2017\/11\/depx1.png?w=64\" data-large-file=\"https:\/\/belfracars.files.wordpress.com\/2017\/11\/depx1.png?w=220\" \/>[\/vc_column_text][\/vc_column][\/vc_row]<\/p>\n","protected":false},"excerpt":{"rendered":"<p>[vc_row][vc_column][vc_column_text] Nous sommes situ\u00e9 \u00e0 l\u2019extr\u00eame nord de notre beau pays, donc bien loin de la plupart d\u2019entre vous. &nbsp; La France est grande, la traverser prend donc du temps et co\u00fbte de l\u2019argent. Alors suite aux\u00a0 nombreuses demandes, nous avons mis en place un service de livraison \u00e0 domicile par transporteur sp\u00e9cialis\u00e9. Et cela&#8230;<\/p>\n","protected":false},"author":1,"featured_media":0,"parent":0,"menu_order":0,"comment_status":"closed","ping_status":"closed","template":"","meta":[],"_links":{"self":[{"href":"https:\/\/belfracars.fr\/index.php\/wp-json\/wp\/v2\/pages\/3961"}],"collection":[{"href":"https:\/\/belfracars.fr\/index.php\/wp-json\/wp\/v2\/pages"}],"about":[{"href":"https:\/\/belfracars.fr\/index.php\/wp-json\/wp\/v2\/types\/page"}],"author":[{"embeddable":true,"href":"https:\/\/belfracars.fr\/index.php\/wp-json\/wp\/v2\/users\/1"}],"replies":[{"embeddable":true,"href":"https:\/\/belfracars.fr\/index.php\/wp-json\/wp\/v2\/comments?post=3961"}],"version-history":[{"count":8,"href":"https:\/\/belfracars.fr\/index.php\/wp-json\/wp\/v2\/pages\/3961\/revisions"}],"predecessor-version":[{"id":4098,"href":"https:\/\/belfracars.fr\/index.php\/wp-json\/wp\/v2\/pages\/3961\/revisions\/4098"}],"wp:attachment":[{"href":"https:\/\/belfracars.fr\/index.php\/wp-json\/wp\/v2\/media?parent=3961"}],"curies":[{"name":"wp","href":"https:\/\/api.w.org\/{rel}","templated":true}]}}