{"id":3943,"date":"2020-05-08T11:52:40","date_gmt":"2020-05-08T09:52:40","guid":{"rendered":"http:\/\/belfracars.fr\/?page_id=3943"},"modified":"2020-10-27T11:13:00","modified_gmt":"2020-10-27T10:13:00","slug":"achat","status":"publish","type":"page","link":"https:\/\/belfracars.fr\/index.php\/achat\/","title":{"rendered":"Achat"},"content":{"rendered":"<p>[vc_row][vc_column][vc_column_text]<\/p>\n<h3><em><strong>Pourquoi acheter un v\u00e9hicule via Belfracars ?<\/strong><\/em><\/h3>\n<p>&nbsp;<\/p>\n<ol>\n<li class=\"_2cuy _3dgx _2vxa\">\n<h4>\u00a0Parce que c\u2019est comme acheter un v\u00e9hicule Fran\u00e7ais.<\/h4>\n<\/li>\n<li class=\"_2cuy _3dgx _2vxa\">\n<h4>La Belgique est un pays o\u00f9 les voitures de soci\u00e9t\u00e9 sont l\u00e9gion, elle fourmille de voitures de marques allemandes ou Fran\u00e7aises bien \u00e9quip\u00e9es \u00e0 des prix tr\u00e8s attractifs. Bien s\u00fbr il y a des pi\u00e8ges \u00e0 \u00e9viter pour ne pas avoir une mauvaise surprise lors de l\u2019immatriculation. Et il y a aussi le probl\u00e8me de la langue lorsque la recherche vous attire vers des v\u00e9hicules vendus dans la partie n\u00e9erlandophone du pays.<\/h4>\n<p><img decoding=\"async\" loading=\"lazy\" class=\"alignnone wp-image-528 alignleft\" src=\"https:\/\/belfracars.files.wordpress.com\/2018\/03\/carpass-document-exemple.jpg?w=353&amp;h=242\" sizes=\"(max-width: 353px) 100vw, 353px\" srcset=\"https:\/\/belfracars.files.wordpress.com\/2018\/03\/carpass-document-exemple.jpg?w=353&amp;h=242 353w, https:\/\/belfracars.files.wordpress.com\/2018\/03\/carpass-document-exemple.jpg?w=150&amp;h=103 150w, https:\/\/belfracars.files.wordpress.com\/2018\/03\/carpass-document-exemple.jpg?w=300&amp;h=206 300w, https:\/\/belfracars.files.wordpress.com\/2018\/03\/carpass-document-exemple.jpg 595w\" alt=\"carpass-document-exemple.jpg\" width=\"353\" height=\"242\" data-attachment-id=\"528\" data-permalink=\"https:\/\/belfracars.wordpress.com\/achats\/carpass-document-exemple\/\" data-orig-file=\"https:\/\/belfracars.files.wordpress.com\/2018\/03\/carpass-document-exemple.jpg\" data-orig-size=\"595,409\" data-comments-opened=\"1\" data-image-meta=\"{&quot;aperture&quot;:&quot;0&quot;,&quot;credit&quot;:&quot;&quot;,&quot;camera&quot;:&quot;&quot;,&quot;caption&quot;:&quot;&quot;,&quot;created_timestamp&quot;:&quot;0&quot;,&quot;copyright&quot;:&quot;&quot;,&quot;focal_length&quot;:&quot;0&quot;,&quot;iso&quot;:&quot;0&quot;,&quot;shutter_speed&quot;:&quot;0&quot;,&quot;title&quot;:&quot;&quot;,&quot;orientation&quot;:&quot;0&quot;}\" data-image-title=\"carpass-document-exemple\" data-image-description=\"\" data-medium-file=\"https:\/\/belfracars.files.wordpress.com\/2018\/03\/carpass-document-exemple.jpg?w=300\" data-large-file=\"https:\/\/belfracars.files.wordpress.com\/2018\/03\/carpass-document-exemple.jpg?w=595\" \/><\/li>\n<li class=\"_2cuy _3dgx _2vxa\">\n<h4>Plaque tournante du trafic des compteurs kilom\u00e9triques il y a encore 15 ans, la Belgique est devenue le pays d\u2019Europe avec le moins de compteurs kilom\u00e9triques abaiss\u00e9s gr\u00e2ce au<a href=\"http:\/\/belfracars.fr\/index.php\/carpass\/\" target=\"_blank\" rel=\"noopener noreferrer\">\u00a0CARPASS<\/a>, qui permet un suivi sans faille de la distance r\u00e9elle parcourue par votre futur v\u00e9hicule.<\/h4>\n<\/li>\n<li class=\"_2cuy _3dgx _2vxa\">\n<h4>A prix d\u2019achat \u00e9gal, le v\u00e9hicule belge est mieux \u00e9quip\u00e9. Ce qui induit un prix de vente plus bas \u00e0 \u00e9quipement \u00e9gal.<\/h4>\n<\/li>\n<li>\n<h4>G\u00e9n\u00e9ralement les v\u00e9hicules sont bien entretenus dans le r\u00e9seau officiel, et tr\u00e8s propres.<\/h4>\n<\/li>\n<li>\n<h4>le r\u00e9gime fiscal, surtout pour les v\u00e9hicules de forte cylindr\u00e9e, est tellement \u00e9lev\u00e9 qu\u2019il pousse les prix d\u2019achat en occasion vers le bas.<\/h4>\n<\/li>\n<li class=\"_2cuy _3dgx _2vxa\">\n<h4>Nos v\u00e9hicules sont garanties 12 mois (sauf si non indiqu\u00e9).<\/h4>\n<\/li>\n<\/ol>\n<h4 class=\"_2cuy _3dgx _2vxa\">Et pour terminer, si vous \u00eates bien accompagn\u00e9, les quelques points n\u00e9gatifs cit\u00e9s plus haut disparaissent. Voil\u00e0 la raison d\u2019\u00eatre de\u00a0<a href=\"http:\/\/www.belfracars.com\/\">BELFRACARS<\/a>\u00a0: vous permettre de faire la bonne affaire m\u00eame si le vendeur ne parle pas votre langue, vous permettre de passer au travers de toutes les difficult\u00e9s que vous pourriez rencontrer, et surtout vous assurer que votre argent ne disparaisse pas dans la nature.<\/h4>\n<div><img decoding=\"async\" loading=\"lazy\" class=\" wp-image-530 aligncenter\" src=\"https:\/\/belfracars.files.wordpress.com\/2018\/03\/itro.jpg?w=422&amp;h=194\" sizes=\"(max-width: 422px) 100vw, 422px\" srcset=\"https:\/\/belfracars.files.wordpress.com\/2018\/03\/itro.jpg?w=422&amp;h=194 422w, https:\/\/belfracars.files.wordpress.com\/2018\/03\/itro.jpg?w=150&amp;h=69 150w, https:\/\/belfracars.files.wordpress.com\/2018\/03\/itro.jpg?w=300&amp;h=138 300w, https:\/\/belfracars.files.wordpress.com\/2018\/03\/itro.jpg 507w\" alt=\"itro\" width=\"422\" height=\"194\" data-attachment-id=\"530\" data-permalink=\"https:\/\/belfracars.wordpress.com\/achats\/itro-2\/\" data-orig-file=\"https:\/\/belfracars.files.wordpress.com\/2018\/03\/itro.jpg\" data-orig-size=\"507,233\" data-comments-opened=\"1\" data-image-meta=\"{&quot;aperture&quot;:&quot;0&quot;,&quot;credit&quot;:&quot;&quot;,&quot;camera&quot;:&quot;&quot;,&quot;caption&quot;:&quot;&quot;,&quot;created_timestamp&quot;:&quot;0&quot;,&quot;copyright&quot;:&quot;&quot;,&quot;focal_length&quot;:&quot;0&quot;,&quot;iso&quot;:&quot;0&quot;,&quot;shutter_speed&quot;:&quot;0&quot;,&quot;title&quot;:&quot;&quot;,&quot;orientation&quot;:&quot;1&quot;}\" data-image-title=\"itro\" data-image-description=\"\" data-medium-file=\"https:\/\/belfracars.files.wordpress.com\/2018\/03\/itro.jpg?w=300\" data-large-file=\"https:\/\/belfracars.files.wordpress.com\/2018\/03\/itro.jpg?w=507\" \/><\/div>\n<div><\/div>\n<h4 class=\"_2cuy _3dgx _2vxa\">Un v\u00e9hicule de notre\u00a0<a href=\"https:\/\/www.paruvendu.fr\/auto-moto\/pro\/belfracars-armentieres-59-57368\/annonces\/\">stock<\/a>\u00a0vous int\u00e9resse. N\u2019h\u00e9sitez pas, contactez-nous au 06 50 22 58 73 ou par mail \u00e0 <a href=\"mailto:jeanyves@belfracars.com\">jeanyves@belfracars.com<\/a>.<\/h4>\n<p>[\/vc_column_text][\/vc_column][\/vc_row][vc_row][vc_column][\/vc_column][\/vc_row]<\/p>\n","protected":false},"excerpt":{"rendered":"<p>[vc_row][vc_column][vc_column_text] Pourquoi acheter un v\u00e9hicule via Belfracars ? &nbsp; \u00a0Parce que c\u2019est comme acheter un v\u00e9hicule Fran\u00e7ais. La Belgique est un pays o\u00f9 les voitures de soci\u00e9t\u00e9 sont l\u00e9gion, elle fourmille de voitures de marques allemandes ou Fran\u00e7aises bien \u00e9quip\u00e9es \u00e0 des prix tr\u00e8s attractifs. Bien s\u00fbr il y a des pi\u00e8ges \u00e0 \u00e9viter pour&#8230;<\/p>\n","protected":false},"author":1,"featured_media":4042,"parent":0,"menu_order":0,"comment_status":"closed","ping_status":"closed","template":"","meta":[],"_links":{"self":[{"href":"https:\/\/belfracars.fr\/index.php\/wp-json\/wp\/v2\/pages\/3943"}],"collection":[{"href":"https:\/\/belfracars.fr\/index.php\/wp-json\/wp\/v2\/pages"}],"about":[{"href":"https:\/\/belfracars.fr\/index.php\/wp-json\/wp\/v2\/types\/page"}],"author":[{"embeddable":true,"href":"https:\/\/belfracars.fr\/index.php\/wp-json\/wp\/v2\/users\/1"}],"replies":[{"embeddable":true,"href":"https:\/\/belfracars.fr\/index.php\/wp-json\/wp\/v2\/comments?post=3943"}],"version-history":[{"count":16,"href":"https:\/\/belfracars.fr\/index.php\/wp-json\/wp\/v2\/pages\/3943\/revisions"}],"predecessor-version":[{"id":4075,"href":"https:\/\/belfracars.fr\/index.php\/wp-json\/wp\/v2\/pages\/3943\/revisions\/4075"}],"wp:featuredmedia":[{"embeddable":true,"href":"https:\/\/belfracars.fr\/index.php\/wp-json\/wp\/v2\/media\/4042"}],"wp:attachment":[{"href":"https:\/\/belfracars.fr\/index.php\/wp-json\/wp\/v2\/media?parent=3943"}],"curies":[{"name":"wp","href":"https:\/\/api.w.org\/{rel}","templated":true}]}}