{"id":12,"date":"2016-02-05T04:55:35","date_gmt":"2016-02-05T04:55:35","guid":{"rendered":"http:\/\/motors-demo.loc\/dealer_two\/?page_id=12"},"modified":"2020-10-27T11:05:05","modified_gmt":"2020-10-27T10:05:05","slug":"home-page-2-2-2","status":"publish","type":"page","link":"https:\/\/belfracars.fr\/","title":{"rendered":"Home page"},"content":{"rendered":"<p>[vc_row][vc_column el_class=&#8221;stm-banner-fullwidth&#8221;]\n\t\t\t<!-- START Home slider1 REVOLUTION SLIDER 6.3.5 --><p class=\"rs-p-wp-fix\"><\/p>\n\t\t\t<rs-module-wrap id=\"rev_slider_2_1_wrapper\" data-source=\"gallery\" style=\"background:transparent;padding:0;margin:0px auto;margin-top:0;margin-bottom:0;\">\n\t\t\t\t<rs-module id=\"rev_slider_2_1\" style=\"\" data-version=\"6.3.5\">\n\t\t\t\t\t<rs-slides>\n\t\t\t\t\t\t<rs-slide data-key=\"rs-3\" data-title=\"Slide\" data-anim=\"ei:d;eo:d;s:600;r:0;t:fade;sl:d;\">\n\t\t\t\t\t\t\t<img src=\"\/\/belfracars.fr\/wp-content\/plugins\/revslider\/public\/assets\/assets\/transparent.png\" alt=\"Slide\" title=\"Home page\" data-parallax=\"off\" class=\"rev-slidebg\" data-no-retina>\n<!--\n\t\t\t\t\t\t\t--><rs-layer\n\t\t\t\t\t\t\t\tid=\"slider-2-slide-3-layer-1\" \n\t\t\t\t\t\t\t\tclass=\"rs-pxl-5\"\n\t\t\t\t\t\t\t\tdata-type=\"image\"\n\t\t\t\t\t\t\t\tdata-rsp_ch=\"on\"\n\t\t\t\t\t\t\t\tdata-xy=\"x:c;xo:1px;y:c;yo:-1px;\"\n\t\t\t\t\t\t\t\tdata-text=\"l:22;a:inherit;\"\n\t\t\t\t\t\t\t\tdata-dim=\"w:1920px;h:850px;\"\n\t\t\t\t\t\t\t\tdata-frame_0=\"tp:600;\"\n\t\t\t\t\t\t\t\tdata-frame_1=\"tp:600;sR:10;\"\n\t\t\t\t\t\t\t\tdata-frame_999=\"o:0;tp:600;st:w;sR:8690;\"\n\t\t\t\t\t\t\t\tstyle=\"z-index:9;\"\n\t\t\t\t\t\t\t><img src=\"\/\/belfracars.fr\/wp-content\/uploads\/revslider\/home_slider1\/slide_1.jpg\" width=\"1920\" height=\"850\" data-no-retina> \n\t\t\t\t\t\t\t<\/rs-layer><!--\n\n\t\t\t\t\t\t\t--><h1\n\t\t\t\t\t\t\t\tid=\"slider-2-slide-3-layer-2\" \n\t\t\t\t\t\t\t\tclass=\"rs-layer\"\n\t\t\t\t\t\t\t\tdata-type=\"text\"\n\t\t\t\t\t\t\t\tdata-color=\"#ffffff\"\n\t\t\t\t\t\t\t\tdata-xy=\"x:c;xo:2px;y:c;yo:-170px;\"\n\t\t\t\t\t\t\t\tdata-text=\"s:50;l:60;a:center;\"\n\t\t\t\t\t\t\t\tdata-dim=\"w:100%;\"\n\t\t\t\t\t\t\t\tdata-vbility=\"t,t,f,f\"\n\t\t\t\t\t\t\t\tdata-rsp_o=\"off\"\n\t\t\t\t\t\t\t\tdata-rsp_bd=\"off\"\n\t\t\t\t\t\t\t\tdata-frame_0=\"x:175%;o:1;tp:600;\"\n\t\t\t\t\t\t\t\tdata-frame_0_mask=\"u:t;x:-100%;\"\n\t\t\t\t\t\t\t\tdata-frame_1=\"tp:600;e:power3.out;sp:1500;sR:10;\"\n\t\t\t\t\t\t\t\tdata-frame_1_mask=\"u:t;\"\n\t\t\t\t\t\t\t\tdata-frame_999=\"o:0;tp:600;st:w;sR:7490;\"\n\t\t\t\t\t\t\t\tstyle=\"z-index:11;font-family:Montserrat;\"\n\t\t\t\t\t\t\t>Belfracars \n\t\t\t\t\t\t\t<\/h1><!--\n\n\t\t\t\t\t\t\t--><rs-layer\n\t\t\t\t\t\t\t\tid=\"slider-2-slide-3-layer-4\" \n\t\t\t\t\t\t\t\tdata-type=\"text\"\n\t\t\t\t\t\t\t\tdata-color=\"#ffffff\"\n\t\t\t\t\t\t\t\tdata-xy=\"x:c;xo:-21px;y:c;yo:-104px;\"\n\t\t\t\t\t\t\t\tdata-text=\"s:48;l:50;fw:700;a:inherit;\"\n\t\t\t\t\t\t\t\tdata-dim=\"w:117px;h:51px;\"\n\t\t\t\t\t\t\t\tdata-vbility=\"t,t,f,f\"\n\t\t\t\t\t\t\t\tdata-rsp_o=\"off\"\n\t\t\t\t\t\t\t\tdata-rsp_bd=\"off\"\n\t\t\t\t\t\t\t\tdata-frame_0=\"tp:600;\"\n\t\t\t\t\t\t\t\tdata-frame_1=\"tp:600;sp:1500;sR:10;\"\n\t\t\t\t\t\t\t\tdata-frame_999=\"o:0;tp:600;st:8900;sR:7490;\"\n\t\t\t\t\t\t\t\tstyle=\"z-index:10;font-family:Open Sans;\"\n\t\t\t\t\t\t\t> \n\t\t\t\t\t\t\t<\/rs-layer><!--\n\n\t\t\t\t\t\t\t--><rs-layer\n\t\t\t\t\t\t\t\tid=\"slider-2-slide-3-layer-5\" \n\t\t\t\t\t\t\t\tdata-type=\"text\"\n\t\t\t\t\t\t\t\tdata-color=\"#ffffff\"\n\t\t\t\t\t\t\t\tdata-xy=\"x:c;xo:61px;y:c;yo:-112px;\"\n\t\t\t\t\t\t\t\tdata-text=\"s:24;l:30;a:inherit;\"\n\t\t\t\t\t\t\t\tdata-vbility=\"t,t,f,f\"\n\t\t\t\t\t\t\t\tdata-rsp_o=\"off\"\n\t\t\t\t\t\t\t\tdata-rsp_bd=\"off\"\n\t\t\t\t\t\t\t\tdata-frame_0=\"tp:600;\"\n\t\t\t\t\t\t\t\tdata-frame_1=\"tp:600;sp:1500;sR:10;\"\n\t\t\t\t\t\t\t\tdata-frame_999=\"o:0;tp:600;st:w;sR:7490;\"\n\t\t\t\t\t\t\t\tstyle=\"z-index:12;font-family:Open Sans;\"\n\t\t\t\t\t\t\t> \n\t\t\t\t\t\t\t<\/rs-layer><!--\n\n\t\t\t\t\t\t\t--><rs-layer\n\t\t\t\t\t\t\t\tid=\"slider-2-slide-3-layer-6\" \n\t\t\t\t\t\t\t\tdata-type=\"text\"\n\t\t\t\t\t\t\t\tdata-color=\"#ffffff\"\n\t\t\t\t\t\t\t\tdata-xy=\"x:c;xo:-8px;y:c;yo:-125px;\"\n\t\t\t\t\t\t\t\tdata-text=\"s:30;l:26;a:inherit;\"\n\t\t\t\t\t\t\t\tdata-dim=\"h:35px;\"\n\t\t\t\t\t\t\t\tdata-vbility=\"t,t,f,f\"\n\t\t\t\t\t\t\t\tdata-rsp_o=\"off\"\n\t\t\t\t\t\t\t\tdata-rsp_bd=\"off\"\n\t\t\t\t\t\t\t\tdata-frame_0=\"x:175%;o:1;tp:600;\"\n\t\t\t\t\t\t\t\tdata-frame_0_mask=\"u:t;x:-100%;\"\n\t\t\t\t\t\t\t\tdata-frame_1=\"tp:600;e:power3.out;sp:1500;sR:10;\"\n\t\t\t\t\t\t\t\tdata-frame_1_mask=\"u:t;\"\n\t\t\t\t\t\t\t\tdata-frame_999=\"o:0;tp:600;st:w;sR:7490;\"\n\t\t\t\t\t\t\t\tstyle=\"z-index:13;font-family:Open Sans;\"\n\t\t\t\t\t\t\t>Votre voiture d'occasion au meilleur prix \n\t\t\t\t\t\t\t<\/rs-layer><!--\n\n\t\t\t\t\t\t\t--><a\n\t\t\t\t\t\t\t\tid=\"slider-2-slide-3-layer-7\" \n\t\t\t\t\t\t\t\tclass=\"rs-layer\"\n\t\t\t\t\t\t\t\thref=\"http:\/\/www.belfracars.com\/vehicules-doccasion\/\" target=\"_self\" rel=\"nofollow\"\n\t\t\t\t\t\t\t\tdata-type=\"text\"\n\t\t\t\t\t\t\t\tdata-color=\"#ffffff\"\n\t\t\t\t\t\t\t\tdata-xy=\"x:c;xo:-110px;y:c;yo:53px;\"\n\t\t\t\t\t\t\t\tdata-text=\"s:14;l:22;a:inherit;\"\n\t\t\t\t\t\t\t\tdata-vbility=\"t,t,f,f\"\n\t\t\t\t\t\t\t\tdata-rsp_o=\"off\"\n\t\t\t\t\t\t\t\tdata-rsp_bd=\"off\"\n\t\t\t\t\t\t\t\tdata-frame_0=\"sX:0.9;sY:0.9;tp:600;\"\n\t\t\t\t\t\t\t\tdata-frame_1=\"tp:600;sp:1500;sR:10;\"\n\t\t\t\t\t\t\t\tdata-frame_999=\"o:0;tp:600;st:w;sR:7490;\"\n\t\t\t\t\t\t\t\tstyle=\"z-index:14;font-family:Open Sans;\"\n\t\t\t\t\t\t\t><a href=\"#\" class=\"stm-slider-td-btn heading-font\" data-toggle=\"modal\" data-target=\"#test-drive\" \n<i class=\"stm-icon-steering_wheel\"><\/i> Nos v\u00e9hicules<\/a> \n\t\t\t\t\t\t\t<\/a><!--\n\n\t\t\t\t\t\t\t--><rs-layer\n\t\t\t\t\t\t\t\tid=\"slider-2-slide-3-layer-8\" \n\t\t\t\t\t\t\t\tdata-type=\"text\"\n\t\t\t\t\t\t\t\tdata-color=\"#ffffff\"\n\t\t\t\t\t\t\t\tdata-xy=\"x:c;xo:107px;y:c;yo:51px;\"\n\t\t\t\t\t\t\t\tdata-text=\"s:14;l:22;a:inherit;\"\n\t\t\t\t\t\t\t\tdata-vbility=\"t,t,f,f\"\n\t\t\t\t\t\t\t\tdata-rsp_o=\"off\"\n\t\t\t\t\t\t\t\tdata-rsp_bd=\"off\"\n\t\t\t\t\t\t\t\tdata-frame_0=\"sX:0.9;sY:0.9;tp:600;\"\n\t\t\t\t\t\t\t\tdata-frame_1=\"tp:600;sp:1500;sR:10;\"\n\t\t\t\t\t\t\t\tdata-frame_999=\"o:0;tp:600;st:w;sR:7490;\"\n\t\t\t\t\t\t\t\tstyle=\"z-index:8;font-family:Open Sans;\"\n\t\t\t\t\t\t\t><a href=\"#\" class=\"stm-slider-lm-btn heading-font\">Plus d'infos<\/a> \n\t\t\t\t\t\t\t<\/rs-layer><!--\n-->\t\t\t\t\t\t<\/rs-slide>\n\t\t\t\t\t<\/rs-slides>\n\t\t\t\t<\/rs-module>\n\t\t\t\t<script type=\"text\/javascript\">\n\t\t\t\t\tsetREVStartSize({c: 'rev_slider_2_1',rl:[1240,1024,778,480],el:[850],gw:[1110],gh:[850],type:'standard',justify:'',layout:'fullwidth',mh:\"0\"});\n\t\t\t\t\tvar\trevapi2,\n\t\t\t\t\t\ttpj;\n\t\t\t\t\tfunction revinit_revslider21() {\n\t\t\t\t\tjQuery(function() {\n\t\t\t\t\t\ttpj = jQuery;\n\t\t\t\t\t\trevapi2 = tpj(\"#rev_slider_2_1\");\n\t\t\t\t\t\tif(revapi2==undefined || revapi2.revolution == undefined){\n\t\t\t\t\t\t\trevslider_showDoubleJqueryError(\"rev_slider_2_1\");\n\t\t\t\t\t\t}else{\n\t\t\t\t\t\t\trevapi2.revolution({\n\t\t\t\t\t\t\t\tsliderLayout:\"fullwidth\",\n\t\t\t\t\t\t\t\tvisibilityLevels:\"1240,1024,778,480\",\n\t\t\t\t\t\t\t\tgridwidth:1110,\n\t\t\t\t\t\t\t\tgridheight:850,\n\t\t\t\t\t\t\t\tspinner:\"spinner0\",\n\t\t\t\t\t\t\t\tperspectiveType:\"local\",\n\t\t\t\t\t\t\t\teditorheight:\"850,768,960,720\",\n\t\t\t\t\t\t\t\tresponsiveLevels:\"1240,1024,778,480\",\n\t\t\t\t\t\t\t\tprogressBar:{disableProgressBar:true},\n\t\t\t\t\t\t\t\tnavigation: {\n\t\t\t\t\t\t\t\t\tonHoverStop:false\n\t\t\t\t\t\t\t\t},\n\t\t\t\t\t\t\t\tparallax: {\n\t\t\t\t\t\t\t\t\tlevels:[5,10,15,20,25,30,35,40,45,46,47,48,49,50,51,55],\n\t\t\t\t\t\t\t\t\ttype:\"scroll\",\n\t\t\t\t\t\t\t\t\tdisable_onmobile:true,\n\t\t\t\t\t\t\t\t\tspeedbg:100,\n\t\t\t\t\t\t\t\t\tspeedls:100\n\t\t\t\t\t\t\t\t},\n\t\t\t\t\t\t\t\tscrolleffect: {\n\t\t\t\t\t\t\t\t\tset:true,\n\t\t\t\t\t\t\t\t\tfade:true,\n\t\t\t\t\t\t\t\t\tslide:true,\n\t\t\t\t\t\t\t\t\tmultiplicator:1.3,\n\t\t\t\t\t\t\t\t\tmultiplicator_layers:1.3,\n\t\t\t\t\t\t\t\t\tdisable_onmobile:true\n\t\t\t\t\t\t\t\t},\n\t\t\t\t\t\t\t\tfallbacks: {\n\t\t\t\t\t\t\t\t\tallowHTML5AutoPlayOnAndroid:true\n\t\t\t\t\t\t\t\t},\n\t\t\t\t\t\t\t});\n\t\t\t\t\t\t}\n\t\t\t\t\t\t\n\t\t\t\t\t});\n\t\t\t\t\t} \/\/ End of RevInitScript\n\t\t\t\tvar once_revslider21 = false;\n\t\t\t\tif (document.readyState === \"loading\") {document.addEventListener('readystatechange',function() { if((document.readyState === \"interactive\" || document.readyState === \"complete\") && !once_revslider21 ) { once_revslider21 = true; revinit_revslider21();}});} else {once_revslider21 = true; revinit_revslider21();}\n\t\t\t\t<\/script>\n\t\t\t<\/rs-module-wrap>\n\t\t\t<!-- END REVOLUTION SLIDER -->\n[\/vc_column][\/vc_row][vc_row full_width=&#8221;stretch_row&#8221; css=&#8221;.vc_custom_1524464731126{padding-top: 40px !important;padding-bottom: 85px !important;background-color: #f2f2f2 !important;background-position: center !important;background-repeat: no-repeat !important;background-size: cover !important;}&#8221;][vc_column][vc_column_text css=&#8221;.vc_custom_1588941649540{margin-bottom: 40px !important;}&#8221;][\/vc_column_text][vc_column_text css=&#8221;.vc_custom_1602771911629{margin-bottom: 23px !important;padding-right: 80px !important;padding-left: 80px !important;}&#8221;]<\/p>\n<h2 id=\"highlighter_15650\" class=\"syntaxhighlighter xml\" style=\"text-align: center;\"><strong>Bienvenue sur le site des agences automobiles Belfracars.<\/strong><\/h2>\n<h4><\/h4>\n<h4 class=\"syntaxhighlighter xml\"><img decoding=\"async\" loading=\"lazy\" class=\"size-medium wp-image-3908 aligncenter\" src=\"http:\/\/belfracars.fr\/wp-content\/uploads\/2020\/01\/itro-300x138.jpg\" alt=\"\" width=\"300\" height=\"138\" srcset=\"https:\/\/belfracars.fr\/wp-content\/uploads\/2020\/01\/itro-300x138.jpg 300w, https:\/\/belfracars.fr\/wp-content\/uploads\/2020\/01\/itro.jpg 422w\" sizes=\"(max-width: 300px) 100vw, 300px\" \/><\/h4>\n<h4 class=\"syntaxhighlighter xml\">Vous trouverez des informations sur le principe de l&#8217;achat et d&#8217;immatriculation de v\u00e9hicules d\u2019occasions Belges et Allemands en France.<\/h4>\n<h4 class=\"syntaxhighlighter xml\">Tous nos v\u00e9hicule sont visibles et essayables sur rendez-vous. N\u2019h\u00e9sitez pas \u00e0 nous contacter.<\/h4>\n<p>[\/vc_column_text][\/vc_column][\/vc_row][vc_row full_width=&#8221;stretch_row&#8221; parallax=&#8221;content-moving&#8221; parallax_image=&#8221;3768&#8243; css=&#8221;.vc_custom_1524549597017{padding-top: 63px !important;padding-bottom: 75px !important;background-image: url(http:\/\/belfracars.fr\/wp-content\/uploads\/2015\/12\/placeholder.gif?id=3805) !important;}&#8221;][vc_column width=&#8221;1\/2&#8243;][stm_icon_box icon=&#8221;stm-icon-car_search&#8221; link=&#8221;url:https%3A%2F%2Fwww.paruvendu.fr%2Fauto-moto%2Fpro%2Fbelfracars-armentieres-59-57368%2Fannonces%2F%3FidMinisite%3D57368%26tri%3DorderPrixNotNull-asc%26marque%3D%26modele%3D%26px1%3D%26fulltext%3D||target:%20_blank|&#8221; css=&#8221;.vc_custom_1603793090065{background-position: center !important;background-repeat: no-repeat !important;background-size: cover !important;}&#8221; box_bg_color=&#8221;rgba(255,255,255,0.9)&#8221; box_text_color=&#8221;#373c3f&#8221; title=&#8221;Vous cherchez une voiture ?&#8221; icon_size=&#8221;52&#8243; btn_text=&#8221;V\u00e9hicules disponibles&#8221; icon_color=&#8221;#373c3f&#8221; btn_color=&#8221;#4c6cdd&#8221;]Nos voitures sont vendues avec tous les documents n\u00e9cessaires \u00e0 leur immatriculation sur le territoire fran\u00e7ais.[\/stm_icon_box][\/vc_column][\/vc_row][vc_row css=&#8221;.vc_custom_1524031295193{margin-top: 90px !important;margin-bottom: 100px !important;}&#8221;][vc_column width=&#8221;1\/3&#8243;][stm_service_icon_box vertical_a_m=&#8221;yes&#8221; icon=&#8221;stm-icon-speedometr&#8221; icon_color=&#8221;#232628&#8243; title=&#8221;Large gamme de v\u00e9hicules&#8221; icon_size=&#8221;38&#8243; css=&#8221;.vc_custom_1588941813130{border-top-width: 1px !important;border-right-width: 1px !important;border-bottom-width: 1px !important;border-left-width: 1px !important;border-left-color: #e6e6e6 !important;border-left-style: solid !important;border-right-color: #e6e6e6 !important;border-right-style: solid !important;border-top-color: #e6e6e6 !important;border-top-style: solid !important;border-bottom-color: #e6e6e6 !important;border-bottom-style: solid !important;}&#8221;]Nous vous proposons une large gamme de v\u00e9hicules d&#8217;occasions en parfait \u00e9tat.[\/stm_service_icon_box][\/vc_column][vc_column width=&#8221;1\/3&#8243;][stm_service_icon_box vertical_a_m=&#8221;yes&#8221; icon=&#8221;stm-icon-chat&#8221; icon_color=&#8221;#232628&#8243; title=&#8221;Renouvellement quotidien&#8221; icon_size=&#8221;34&#8243; css=&#8221;.vc_custom_1588941997615{border-top-width: 1px !important;border-right-width: 1px !important;border-bottom-width: 1px !important;border-left-width: 1px !important;border-left-color: #e6e6e6 !important;border-left-style: solid !important;border-right-color: #e6e6e6 !important;border-right-style: solid !important;border-top-color: #e6e6e6 !important;border-top-style: solid !important;border-bottom-color: #e6e6e6 !important;border-bottom-style: solid !important;}&#8221;]Nous publions de nouvelles offres chaque jours afin de vous pr\u00e9sentez un panel de plus de\u00a0 200 annonces de v\u00e9hicules sur notre site.Chaque v\u00e9hicule est\u00a0 visitable et essayable uniquement sur rendez-vous.[\/stm_service_icon_box][\/vc_column][vc_column width=&#8221;1\/3&#8243;][stm_service_icon_box vertical_a_m=&#8221;yes&#8221; icon=&#8221;stm-icon-application&#8221; title=&#8221;Garanties&#8221; icon_color=&#8221;#232628&#8243; icon_size=&#8221;38&#8243; css=&#8221;.vc_custom_1588942223606{border-top-width: 1px !important;border-right-width: 1px !important;border-bottom-width: 1px !important;border-left-width: 1px !important;border-left-color: #e6e6e6 !important;border-left-style: solid !important;border-right-color: #e6e6e6 !important;border-right-style: solid !important;border-top-color: #e6e6e6 !important;border-top-style: solid !important;border-bottom-color: #e6e6e6 !important;border-bottom-style: solid !important;}&#8221;]Tous nos v\u00e9hicules sont garantis et font l&#8217;objet d&#8217;un entretien par des professionnels avant chaque ventes.[\/stm_service_icon_box][\/vc_column][\/vc_row][vc_row full_width=&#8221;stretch_row&#8221; css=&#8221;.vc_custom_1523597243124{background-color: #ffb129 !important;}&#8221;][vc_column][stm_call_to_action_2 call_to_action_icon_right=&#8221;stm-icon-phone2&#8243; call_to_action_color=&#8221;#e8ba25&#8243; call_to_action_text_color=&#8221;#232628&#8243; link=&#8221;url:http%3A%2F%2Fbelfracars.fr%2Findex.php%2Fcontact-us%2F|title:E-mail||&#8221; call_to_action_label_right=&#8221;06 50 22 58 73&#8243; css=&#8221;.vc_custom_1588162031423{margin-top: 5px !important;margin-right: 5px !important;margin-bottom: 5px !important;margin-left: 5px !important;border-top-width: 5px !important;border-right-width: 5px !important;border-bottom-width: 5px !important;border-left-width: 5px !important;padding-top: 5px !important;padding-right: 5px !important;padding-bottom: 5px !important;}&#8221; call_to_action_label=&#8221;Vous avez des questions ?&#8221;][\/vc_column][\/vc_row][vc_row full_width=&#8221;stretch_row&#8221; parallax=&#8221;content-moving&#8221; parallax_image=&#8221;3805&#8243; css=&#8221;.vc_custom_1524549624153{background-color: #333333 !important;}&#8221;][vc_column][stm_testimonials css=&#8221;.vc_custom_1524227127479{padding-bottom: 144px !important;}&#8221;][stm_testimonial image_size=&#8221;158&#215;145&#8243; style_view=&#8221;style_2&#8243; image=&#8221;3882&#8243; author=&#8221;Vivien Vaille&#8221; author_position=&#8221;Client&#8221;]\u201ctr\u00e8s satisfait, un vendeur au top et surtout disponible et a l&#8217;\u00e9coute des c&#8217;est client rendez-vous po<span class=\"text_exposed_show\">ur la prochaine voiture \ud83d\ude0a\ud83d\ude0a\ud83d\ude0a<\/span>\u201d[\/stm_testimonial][stm_testimonial image_size=&#8221;158&#215;145&#8243; style_view=&#8221;style_2&#8243; image=&#8221;3805&#8243; author=&#8221;Alain M.&#8221; author_position=&#8221;Client&#8221;]\u201cLe s\u00e9rieux de Jean Yves , sa disponibilit\u00e9 , sa comp\u00e9tence et les voitures qu&#8217;il propose sont toutes d&#8217;excellentes voitures avec des garanties. De plus , il peut s&#8217;occuper des d\u00e9marches pour vous ce qui vous \u00e9vite biens des tracas.<br \/>\nJe recommande les yeux ferm\u00e9s.\u201d[\/stm_testimonial][stm_testimonial image_size=&#8221;158&#215;145&#8243; style_view=&#8221;style_2&#8243; image=&#8221;3805&#8243; author=&#8221;CyJe S.&#8221; author_position=&#8221;Cliente&#8221;]Par manque de temps, je n&#8217;ai pas pu me d\u00e9placer \u00e0 Armenti\u00e8res (59) pour voir de plus pr\u00e8s et tester mon coup de coeur.<\/p>\n<p>J&#8217;ai eu alors affaire Jean-Yves, \u00e0 un commercial tr\u00e8s \u00e0 l&#8217;\u00e9coute, disponible (appels, SMS, mails) et r\u00e9actif.<br \/>\nIl a su r\u00e9pondre \u00e0 toutes mes interrogations, me rassurer, me conseiller.[\/stm_testimonial][stm_testimonial image_size=&#8221;158&#215;145&#8243; style_view=&#8221;style_2&#8243; image=&#8221;3805&#8243; author=&#8221;Rudy S.&#8221; author_position=&#8221;Client&#8221;]super accueil, a l\u2019\u00e9coute pour toutes les questions d\u00e9marche simple et rapide et surtout une gamme de v\u00e9hicule en excellent \u00e9tat je recommande sans h\u00e9siter .[\/stm_testimonial][\/stm_testimonials][\/vc_column][\/vc_row]<\/p>\n","protected":false},"excerpt":{"rendered":"<p>[vc_row][vc_column el_class=&#8221;stm-banner-fullwidth&#8221;][\/vc_column][\/vc_row][vc_row full_width=&#8221;stretch_row&#8221; css=&#8221;.vc_custom_1524464731126{padding-top: 40px !important;padding-bottom: 85px !important;background-color: #f2f2f2 !important;background-position: center !important;background-repeat: no-repeat !important;background-size: cover !important;}&#8221;][vc_column][vc_column_text css=&#8221;.vc_custom_1588941649540{margin-bottom: 40px !important;}&#8221;][\/vc_column_text][vc_column_text css=&#8221;.vc_custom_1602771911629{margin-bottom: 23px !important;padding-right: 80px !important;padding-left: 80px !important;}&#8221;] Bienvenue sur le site des agences automobiles Belfracars. Vous trouverez des informations sur le principe de l&#8217;achat et d&#8217;immatriculation de v\u00e9hicules d\u2019occasions Belges et Allemands en France. Tous nos&#8230;<\/p>\n","protected":false},"author":1,"featured_media":0,"parent":0,"menu_order":0,"comment_status":"closed","ping_status":"closed","template":"","meta":[],"_links":{"self":[{"href":"https:\/\/belfracars.fr\/index.php\/wp-json\/wp\/v2\/pages\/12"}],"collection":[{"href":"https:\/\/belfracars.fr\/index.php\/wp-json\/wp\/v2\/pages"}],"about":[{"href":"https:\/\/belfracars.fr\/index.php\/wp-json\/wp\/v2\/types\/page"}],"author":[{"embeddable":true,"href":"https:\/\/belfracars.fr\/index.php\/wp-json\/wp\/v2\/users\/1"}],"replies":[{"embeddable":true,"href":"https:\/\/belfracars.fr\/index.php\/wp-json\/wp\/v2\/comments?post=12"}],"version-history":[{"count":10,"href":"https:\/\/belfracars.fr\/index.php\/wp-json\/wp\/v2\/pages\/12\/revisions"}],"predecessor-version":[{"id":4073,"href":"https:\/\/belfracars.fr\/index.php\/wp-json\/wp\/v2\/pages\/12\/revisions\/4073"}],"wp:attachment":[{"href":"https:\/\/belfracars.fr\/index.php\/wp-json\/wp\/v2\/media?parent=12"}],"curies":[{"name":"wp","href":"https:\/\/api.w.org\/{rel}","templated":true}]}}